{"id":223,"date":"2021-06-17T13:43:45","date_gmt":"2021-06-17T11:43:45","guid":{"rendered":"https:\/\/www.dcc.ru.nl\/languageininteraction\/?page_id=223"},"modified":"2024-01-12T09:41:58","modified_gmt":"2024-01-12T08:41:58","slug":"people","status":"publish","type":"page","link":"https:\/\/www.dcc.ru.nl\/languageininteraction\/people\/","title":{"rendered":"People"},"content":{"rendered":"\n<p>This page contains the contact list for researchers currently involved in the Language in Interaction consortium.<\/p>\n\n\n\n<figure class=\"wp-block-table\"><table><tbody><tr><td>Last name<\/td><td>First name<\/td><td>E-mail<\/td><td>Function<\/td><td>Project<\/td><\/tr><tr><td>Abnar<\/td><td>Samira<\/td><td>s(dot)abnar(at)uva(dot)nl<\/td><td>PhD<\/td><td>BQ1<\/td><\/tr><tr><td>Ba\u0161n\u00e1kov\u00e1<\/td><td>Jana<\/td><td>j(dot)basnakova(at)donders(dot)ru(dot)nl<\/td><td>Coordinating Postdoc<\/td><td>SYN<\/td><\/tr><tr><td>Beckmann<\/td><td>Christian<\/td><td>c(dot)beckmann(at)donders(dot)ru(dot)nl<\/td><td>PI<\/td><td>BQ2, BQ4<\/td><\/tr><tr><td>Bekkering<\/td><td>Harold<\/td><td>h(dot)bekkering(at)donders(dot)ru(dot)nl<\/td><td>PI<\/td><td>WP4<\/td><\/tr><tr><td>Bod<\/td><td>Rens<\/td><td>l(dot)w(dot)m(dot)bod(at)uva(dot)nl<\/td><td>PI<\/td><td>WP3<\/td><\/tr><tr><td>B\u00f6gels<\/td><td>Sara<\/td><td>s(dot)bogels(at)donders(dot)ru(dot)nl<\/td><td>Postdoc<\/td><td>BQ3<\/td><\/tr><tr><td>B\u00f6ke<\/td><td>Annkathrin<\/td><td>annkathrin(dot)boeke(at)donders(dot)ru(dot)nl<\/td><td>RA<\/td><td>BQ5<\/td><\/tr><tr><td>van den Bosch<\/td><td>Antal<\/td><td>a(dot)vandenbosch(at)let(dot)ru(dot)nl<\/td><td>PI<\/td><td>WP7<\/td><\/tr><tr><td>Braunsdorf<\/td><td>Marius<\/td><td>marius(dot)braunsdorf(at)donders(dot)ru(dot)nl<\/td><td>Postdoc<\/td><td>BQ2, BQ4 <\/td><\/tr><tr><td>Carota<\/td><td>Francesca<\/td><td>francesca(dot)carota(at)mpi(dot)nl<\/td><td>Postdoc<\/td><td>Overall<\/td><\/tr><tr><td>Collin<\/td><td>Silvy<\/td><td>s(dot)h(dot)p(dot)collin(at)tilburguniversity(dot)edu<\/td><td>PI<\/td><td>BQ5<\/td><\/tr><tr><td>Cools<\/td><td>Roshan<\/td><td>r(dot)cools(at)donders(dot)ru(dot)nl<\/td><td>PI<\/td><td>BQ5<\/td><\/tr><tr><td>Dingemanse<\/td><td>Mark<\/td><td>mark(dot)dingemanse(at)mpi(dot)nl<\/td><td>PI<\/td><td>BQ3<\/td><\/tr><tr><td>van Dooren<\/td><td>Annemarie<\/td><td>annemarie(dot)vandooren(at)mpi(dot)nl<\/td><td>Postdoc<\/td><td>WP7<\/td><\/tr><tr><td>Eijk<\/td><td>Lotte<\/td><td>lotte(dot)eijk(at)let(dot)ru(dot)nl<\/td><td>PhD<\/td><td>BQ3<\/td><\/tr><tr><td>Ekerdt<\/td><td>Clara<\/td><td>c(dot)ekerdt(at)donders(dot)ru(dot)nl<\/td><td>Postdoc<\/td><td>BQ4<\/td><\/tr><tr><td>Ernestus<\/td><td>Mirjam<\/td><td>m(dot)ernestus(at)let(dot)ru(dot)nl<\/td><td>PI<\/td><td>BQ1, BQ3<\/td><\/tr><tr><td>Fernandez<\/td><td>Guillen<\/td><td>g(dot)fernandez(at)donders(dot)ru(dot)nl<\/td><td>PI<\/td><td>BQ4<\/td><\/tr><tr><td>Fernandez<\/td><td>Raquel<\/td><td>r(dot)fernandez(at)uva(dot)nl<\/td><td>PI<\/td><td>BQ1<\/td><\/tr><tr><td>Ferreira<\/td><td>Joao<\/td><td>j(dot)ferreira(at)donders(dot)ru(dot)nl<\/td><td>PhD<\/td><td>BQ2<\/td><\/tr><tr><td>Fisher<\/td><td>Simon<\/td><td>simon(dot)fisher(at)mpi(dot)nl<\/td><td>PI<\/td><td>BQ2<\/td><\/tr><tr><td>Fitz<\/td><td>Hartmut<\/td><td>hartmut(dot)fitz(at)mpi(dot)nl<\/td><td>Postdoc<\/td><td>BQ1<\/td><\/tr><tr><td>Forkel<\/td><td>Stephanie<\/td><td>stephanie(dot)forkel(at)donders(dot)ru(dot)nl<\/td><td>PI<\/td><td>BQ4<\/td><\/tr><tr><td>Formisano<\/td><td>Elia<\/td><td>e(dot)formisano(at)maastrichtuniversity(dot)nl<\/td><td>PI<\/td><td>WP1<\/td><\/tr><tr><td>Freches<\/td><td>Guilherme<\/td><td>g(dot)blazquezfreches(at)donders(dot)ru(dot)nl<\/td><td>PhD<\/td><td>BQ2<\/td><\/tr><tr><td>Francks<\/td><td>Clyde<\/td><td>clyde(dot)francks(at)mpi(dot)nl<\/td><td>PI<\/td><td>BQ2<\/td><\/tr><tr><td>Frank<\/td><td>Stefan<\/td><td>s(dot)frank(at)let(dot)ru(dot)nl<\/td><td>Senior Researcher<\/td><td>Tenure Track<\/td><\/tr><tr><td>Franke<\/td><td>Barbara<\/td><td>barbara(dot)franke(at)radboudumc(dot)nl<\/td><td>PI<\/td><td>BQ4<\/td><\/tr><tr><td>van Gerven<\/td><td>Marcel<\/td><td>m(dot)vangerven(at)donders(dot)ru(dot)nl<\/td><td>PI<\/td><td>BQ1<\/td><\/tr><tr><td>Ghaleb<\/td><td>Esam<\/td><td>e(dot)ghaleb(at)uva(dot)nl<\/td><td>Postdoc<\/td><td>BQ3<\/td><\/tr><tr><td>Hagoort<\/td><td>Peter<\/td><td>p(dot)hagoort(at)donders(dot)ru(dot)nl<\/td><td>Programme Director<\/td><td>BQ2<\/td><\/tr><tr><td>de Heer Kloots<\/td><td>Marianne<\/td><td>m(dot)l(dot)s(dot)deheerkloots(at)uva(dot)nl&nbsp;<\/td><td>PhD<\/td><td>BQ1<\/td><\/tr><tr><td>Hintz<\/td><td>Florian<\/td><td>florian(dot)hintz(at)mpi(dot)nl<\/td><td>Postdoc<\/td><td>BQ4<\/td><\/tr><tr><td>Holler<\/td><td>Judith<\/td><td>judith(dot)holler(at)mpi(dot)nl<\/td><td>PI<\/td><td>BQ3<\/td><\/tr><tr><td>Horstman<\/td><td>Lisa<\/td><td>lisa(dot)horstman(at)donders(dot)ru(dot)nl<\/td><td>RA<\/td><td>BQ5<\/td><\/tr><tr><td>Janzen<\/td><td>Gabriele<\/td><td>g(dot)janzen)(at)donders(dot)ru(dot)nl<\/td><td>PI<\/td><td>BQ4<\/td><\/tr><tr><td>Johnson<\/td><td>Tamar<\/td><td>t(dot)johnson(at)uva(dot)nl<\/td><td>Postdoc<\/td><td>BQ1, BQ4<\/td><\/tr><tr><td>Kapteijns<\/td><td>Bob<\/td><td>bob(dot)kapteijns(at)mpi(dot)nl<\/td><td>RA<\/td><td>BQ4<\/td><\/tr><tr><td>Kessels<\/td><td>Roy<\/td><td>r(dot)kessels(at)donders(dot)ru(dot)nl<\/td><td>PI<\/td><td>BQ2, BQ4<\/td><\/tr><tr><td>Koch<\/td><td>Saskia<\/td><td>saskia(dot)koch(at)donders(dot)ru(dot)nl<\/td><td>Postdoc<\/td><td>SYN<\/td><\/tr><tr><td>Koemans<\/td><td>Jiska<\/td><td>jiska(dot)koemans(at)mpi(dot)nl<\/td><td>RA<\/td><td>BQ4<\/td><\/tr><tr><td>Koning<\/td><td>Merel<\/td><td>merel(dot)koning3(at)donders(dot)ru(dot)nl<\/td><td>RA<\/td><td>BQ4<\/td><\/tr><tr><td>de Lange<\/td><td>Floris<\/td><td>f(dot)delange(at)donders(dot)ru(dot)nl<\/td><td>PI<\/td><td>BQ2<\/td><\/tr><tr><td>van Langen<\/td><td>Jordy<\/td><td>jordy(dot)vanlangen(at)donders(dot)ru(dot)nl<\/td><td>RA<\/td><td>Synergy Project<\/td><\/tr><tr><td>Lemhofer<\/td><td>Kristin<\/td><td>k(dot)lemhofer(at)donders(dot)ru(dot)nl<\/td><td>PI<\/td><td>BQ4<\/td><\/tr><tr><td>Levinson<\/td><td>Stephen<\/td><td>stephen(dot)levinson(at)mpi(dot)nl<\/td><td>PI<\/td><td>BQ3<\/td><\/tr><tr><td>Levshina<\/td><td>Natalia<\/td><td>natalia(dot)levshina(at)mpi(dot)nl<\/td><td>Coordinating Postdoc<\/td><td>Overall<\/td><\/tr><tr><td>Lewis<\/td><td>Ashley<\/td><td>a(dot)lewis(at)donders(dot)ru(dot)nl<\/td><td>Coordinating Postdoc<\/td><td>BQ2<\/td><\/tr><tr><td>Li<\/td><td>Tianyi<\/td><td>tianyi(dot)li(at)donders(dot)ru(dot)nl<\/td><td>RA<\/td><td>BQ3<\/td><\/tr><tr><td>Mainetto<\/td><td>Elena<\/td><td>e(dot)mainetto(at)donders(dot)ru(dot)nl<\/td><td>PhD<\/td><td>BQ5<\/td><\/tr><tr><td>Mangnus<\/td><td>Margot<\/td><td>m(dot)mangnus(at)donders(dot)ru(dot)nl<\/td><td>PhD<\/td><td>SYN<\/td><\/tr><tr><td>Mars<\/td><td>Rogier<\/td><td>r(dot)mars(at)donders(dot)ru(dot)nl<\/td><td>PI<\/td><td>BQ2<\/td><\/tr><tr><td>Marseille<\/td><td>Carmen<\/td><td>carmen(dot)marseille(at)donders(dot)ru(dot)nl<\/td><td>Programme Manager<\/td><td>MT<\/td><\/tr><tr><td>Martin<\/td><td>Andrea<\/td><td>andrea(dot)martin@mpi.nl<\/td><td>PI<\/td><td>BQ5<\/td><\/tr><tr><td>McQueen<\/td><td>James<\/td><td>j(dot)mcqueen(at)donders(dot)ru(dot)nl<\/td><td>PI<\/td><td>BQ4<\/td><\/tr><tr><td>Medendorp<\/td><td>Pieter<\/td><td>p(dot)medendorp(at)donders(dot)ru(dot)nl<\/td><td>PI<\/td><td>WP4<\/td><\/tr><tr><td>Menks<\/td><td>Willeke<\/td><td>w(dot)menks(at)donders(dot)ru(dot)nl<\/td><td>Coordinating Postdoc<\/td><td>BQ4<\/td><\/tr><tr><td>Meyer<\/td><td>Antje<\/td><td>antje(dot)meyer(at)mpi(dot)nl<\/td><td>PI<\/td><td>BQ4<\/td><\/tr><tr><td>Norris<\/td><td>David<\/td><td>d(dot)norris(at)donders(dot)ru(dot)nl<\/td><td>PI<\/td><td>WP6<\/td><\/tr><tr><td>den Ouden<\/td><td>Hanneke<\/td><td>hanneke(dot)denouden(at)donders(dot)ru(dot)nl<\/td><td>PI<\/td><td>BQ5<\/td><\/tr><tr><td>Ozyurek<\/td><td>Asli<\/td><td>asli(dot)ozyurek(at)mpi(dot)nl<\/td><td>PI<\/td><td>BQ3<\/td><\/tr><tr><td>Petersson<\/td><td>Karl-Magnus<\/td><td>karl-magnus(dot)petersson(at)mpi(dot)nl<\/td><td>PI<\/td><td>BQ1<\/td><\/tr><tr><td>Piai<\/td><td>Vitoria<\/td><td>v(dot)piai(at)donders(dot)ru(dot)nl<\/td><td>PI<\/td><td>Tenure Track \/ BQ2<\/td><\/tr><tr><td>Pouw<\/td><td>Wim<\/td><td>wim(dot)pouw(at)donders(dot)ru(dot)nl<\/td><td>Postdoc<\/td><td>BQ3<\/td><\/tr><tr><td>van de Pol<\/td><td>Iris<\/td><td>i(dot)p(dot)a(dot)vandepol(at)uva(dot)nl<\/td><td>PhD<\/td><td>WP2<\/td><\/tr><tr><td>Quaresima<\/td><td>Alessio<\/td><td>alessio(dot)quaresima(at)mpi(dot)nl<\/td><td>PhD<\/td><td>BQ1<\/td><\/tr><tr><td>Ramsey<\/td><td>Nick<\/td><td>n(dot)ramsey(at)umcutrecht(dot)nl<\/td><td>PI<\/td><td>BQ2<\/td><\/tr><tr><td>Rasenberg<\/td><td>Marlou<\/td><td>marlou(dot)rasenberg(at)mpi(dot)nl<\/td><td>PhD<\/td><td>BQ3<\/td><\/tr><tr><td>Roelofs<\/td><td>Ardi<\/td><td>a(dot)roelofs(at)donders(dot)ru(dot)nl<\/td><td>PI<\/td><td>BQ2<\/td><\/tr><tr><td>van Rooij<\/td><td>Robert<\/td><td>r(dot)a(dot)m(dot)vanrooij(at)uva(dot)nl<\/td><td>PI<\/td><td>BQ1<\/td><\/tr><tr><td>Rowland<\/td><td>Caroline<\/td><td>caroline(dot)rowland(at)mpi(dot)nl<\/td><td>PI<\/td><td>BQ3<\/td><\/tr><tr><td>Ruiter<\/td><td>Marina<\/td><td>m(dot)ruiter(at)let(dot)ru(dot)nl<\/td><td>Senior Researcher<\/td><td>Societal Impact<\/td><\/tr><tr><td>Schiller<\/td><td>Niels<\/td><td>n.o.schiller(at)hum(dot)leidenuniv(dot)nl<\/td><td>PI<\/td><td>WP1<\/td><\/tr><tr><td>Schmitz<\/td><td>Manon<\/td><td>manon(dot)schmitz(at)ru(dot)nl<\/td><td>Financial Controller<\/td><td>MT<\/td><\/tr><tr><td>Schoffelen<\/td><td>Jan-Mathijs<\/td><td>jan(dot)schoffelen(at)donders(dot)ru(dot)nl<\/td><td>PI<\/td><td>BQ2<\/td><\/tr><tr><td>Schriefers<\/td><td>Herbert<\/td><td>h(dot)schriefers(at)donders(dot)ru(dot)nl<\/td><td>PI<\/td><td>BQ3<\/td><\/tr><tr><td>Soheili-Nezhad<\/td><td>Sourena<\/td><td>sourena(dot)soheilinezhad(at)mpi(dot)nl<\/td><td>Postdoc<\/td><td>BQ2<\/td><\/tr><tr><td>Shah<\/td><td>Upasana<\/td><td>upasana(dot)shah(at)donders(dot)ru(dot)nl<\/td><td>RA<\/td><td>BQ5<\/td><\/tr><tr><td>Spychalska<\/td><td>Maria<\/td><td>maria(dot)spychalska(at)mpi(dot)nl<\/td><td>Postdoc<\/td><td>Overall<\/td><\/tr><tr><td>Steenbeek-Planting<\/td><td>Esther<\/td><td>e(dot)steenbeek(at)donders(dot)ru(dot)nl<\/td><td>Coordinating Postdoc<\/td><td>WP7<\/td><\/tr><tr><td>Stolk<\/td><td>Arjen<\/td><td>astolk(at)berkeley(dot)edu<\/td><td>Coordinating Postdoc<\/td><td>SYN<\/td><\/tr><tr><td>Suijkerbuik<\/td><td>Michelle<\/td><td>michelle.suijkerbuik(at)ru(dot)nl<\/td><td>RA<\/td><td>BQ1<\/td><\/tr><tr><td>Szilagyi<\/td><td>Ingrid<\/td><td>ingrid(dot)szilagyi(at)mpi(dot)nl<\/td><td>Postdoc<\/td><td>BQ4<\/td><\/tr><tr><td>Szymanik<\/td><td>Jakub<\/td><td>jakub(dot)szymanik(at)gmail(dot)com<\/td><td>PI<\/td><td>BQ3<\/td><\/tr><tr><td>Takashima<\/td><td>Atsuko<\/td><td>atsuko(dot)takashima(at)donders(dot)ru(dot)nl<\/td><td>Postdoc<\/td><td>BQ4<\/td><\/tr><tr><td>Terporten<\/td><td>Rene<\/td><td>r(dot)terporten(at)psych(dot)ru(dot)nl<\/td><td>PD<\/td><td>BQ5<\/td><\/tr><tr><td>Toni<\/td><td>Ivan<\/td><td>i(dot)toni(at)donders(dot)ru(dot)nl<\/td><td>PI<\/td><td>BQ2, BQ3<\/td><\/tr><tr><td>Verhoef<\/td><td>Julia<\/td><td>j(dot)verhoef(at)donders(dot)ru(dot)nl<\/td><td>Secretary<\/td><td>MT<\/td><\/tr><tr><td>Vroomen<\/td><td>Jean<\/td><td>j(dot)vroomen(at)uvt(dot)nl<\/td><td>PI<\/td><td>BQ4<\/td><\/tr><tr><td>Werner<\/td><td>Raphael<\/td><td><\/td><td>RA<\/td><td>BQ3<\/td><\/tr><tr><td>Woensdregt<\/td><td>Marieke<\/td><td>marieke(dot)woensdregt(at)ru(dot)nl<\/td><td>Postdoc<\/td><td>BQ5<\/td><\/tr><tr><td>Zheng<\/td><td>Xiaochen<\/td><td>xiaochen(dot)zheng(at)donders(dot)ru(dot)nl<\/td><td>Coordinating Postdoc<\/td><td>BQ5<\/td><\/tr><tr><td>Zioga<\/td><td>Ioanna<\/td><td>ioanna(dot)zioga(at)donders(dot)ru(dot)nl<\/td><td>Postdoc<\/td><td>BQ5<\/td><\/tr><tr><td>Zuidema<\/td><td>Jelle<\/td><td>w(dot)h(dot)zuidema(at)uva(dot)nl<\/td><td>Senior Researcher<\/td><td>Tenure Track<\/td><\/tr><\/tbody><\/table><\/figure>\n\n\n\n<p><\/p>\n","protected":false},"excerpt":{"rendered":"<p>This page contains the contact list for researchers currently involved in the Language in Interaction consortium. Last name First name E-mail Function Project Abnar Samira &#8230; <a title=\"People\" class=\"read-more\" href=\"https:\/\/www.dcc.ru.nl\/languageininteraction\/people\/\" aria-label=\"Read more about People\">Read more<\/a><\/p>\n","protected":false},"author":1,"featured_media":0,"parent":0,"menu_order":0,"comment_status":"closed","ping_status":"closed","template":"","meta":{"footnotes":""},"class_list":["post-223","page","type-page","status-publish"],"yoast_head":"<!-- This site is optimized with the Yoast SEO plugin v27.3 - https:\/\/yoast.com\/product\/yoast-seo-wordpress\/ -->\n<title>People - Language in interaction<\/title>\n<meta name=\"robots\" content=\"index, follow, max-snippet:-1, max-image-preview:large, max-video-preview:-1\" \/>\n<link rel=\"canonical\" href=\"https:\/\/www.dcc.ru.nl\/languageininteraction\/people\/\" \/>\n<meta property=\"og:locale\" content=\"en_US\" \/>\n<meta property=\"og:type\" content=\"article\" \/>\n<meta property=\"og:title\" content=\"People - Language in interaction\" \/>\n<meta property=\"og:description\" content=\"This page contains the contact list for researchers currently involved in the Language in Interaction consortium. Last name First name E-mail Function Project Abnar Samira ... Read more\" \/>\n<meta property=\"og:url\" content=\"https:\/\/www.dcc.ru.nl\/languageininteraction\/people\/\" \/>\n<meta property=\"og:site_name\" content=\"Language in interaction\" \/>\n<meta property=\"article:modified_time\" content=\"2024-01-12T08:41:58+00:00\" \/>\n<meta name=\"twitter:card\" content=\"summary_large_image\" \/>\n<meta name=\"twitter:label1\" content=\"Est. reading time\" \/>\n\t<meta name=\"twitter:data1\" content=\"3 minutes\" \/>\n<script type=\"application\/ld+json\" class=\"yoast-schema-graph\">{\"@context\":\"https:\\\/\\\/schema.org\",\"@graph\":[{\"@type\":\"WebPage\",\"@id\":\"https:\\\/\\\/www.dcc.ru.nl\\\/languageininteraction\\\/people\\\/\",\"url\":\"https:\\\/\\\/www.dcc.ru.nl\\\/languageininteraction\\\/people\\\/\",\"name\":\"People - Language in interaction\",\"isPartOf\":{\"@id\":\"https:\\\/\\\/www.languageininteraction.nl\\\/#website\"},\"datePublished\":\"2021-06-17T11:43:45+00:00\",\"dateModified\":\"2024-01-12T08:41:58+00:00\",\"breadcrumb\":{\"@id\":\"https:\\\/\\\/www.dcc.ru.nl\\\/languageininteraction\\\/people\\\/#breadcrumb\"},\"inLanguage\":\"en-US\",\"potentialAction\":[{\"@type\":\"ReadAction\",\"target\":[\"https:\\\/\\\/www.dcc.ru.nl\\\/languageininteraction\\\/people\\\/\"]}]},{\"@type\":\"BreadcrumbList\",\"@id\":\"https:\\\/\\\/www.dcc.ru.nl\\\/languageininteraction\\\/people\\\/#breadcrumb\",\"itemListElement\":[{\"@type\":\"ListItem\",\"position\":1,\"name\":\"Home\",\"item\":\"https:\\\/\\\/www.dcc.ru.nl\\\/languageininteraction\\\/\"},{\"@type\":\"ListItem\",\"position\":2,\"name\":\"People\"}]},{\"@type\":\"WebSite\",\"@id\":\"https:\\\/\\\/www.languageininteraction.nl\\\/#website\",\"url\":\"https:\\\/\\\/www.languageininteraction.nl\\\/\",\"name\":\"Language in interaction\",\"description\":\"\",\"publisher\":{\"@id\":\"https:\\\/\\\/www.languageininteraction.nl\\\/#organization\"},\"potentialAction\":[{\"@type\":\"SearchAction\",\"target\":{\"@type\":\"EntryPoint\",\"urlTemplate\":\"https:\\\/\\\/www.languageininteraction.nl\\\/?s={search_term_string}\"},\"query-input\":{\"@type\":\"PropertyValueSpecification\",\"valueRequired\":true,\"valueName\":\"search_term_string\"}}],\"inLanguage\":\"en-US\"},{\"@type\":\"Organization\",\"@id\":\"https:\\\/\\\/www.languageininteraction.nl\\\/#organization\",\"name\":\"Language in interaction\",\"url\":\"https:\\\/\\\/www.languageininteraction.nl\\\/\",\"logo\":{\"@type\":\"ImageObject\",\"inLanguage\":\"en-US\",\"@id\":\"https:\\\/\\\/www.languageininteraction.nl\\\/#\\\/schema\\\/logo\\\/image\\\/\",\"url\":\"https:\\\/\\\/www.dcc.ru.nl\\\/languageininteraction\\\/wp-content\\\/uploads\\\/2021\\\/07\\\/LiI_Logo_450px.jpg\",\"contentUrl\":\"https:\\\/\\\/www.dcc.ru.nl\\\/languageininteraction\\\/wp-content\\\/uploads\\\/2021\\\/07\\\/LiI_Logo_450px.jpg\",\"width\":450,\"height\":91,\"caption\":\"Language in interaction\"},\"image\":{\"@id\":\"https:\\\/\\\/www.languageininteraction.nl\\\/#\\\/schema\\\/logo\\\/image\\\/\"}}]}<\/script>\n<!-- \/ Yoast SEO plugin. -->","yoast_head_json":{"title":"People - Language in interaction","robots":{"index":"index","follow":"follow","max-snippet":"max-snippet:-1","max-image-preview":"max-image-preview:large","max-video-preview":"max-video-preview:-1"},"canonical":"https:\/\/www.dcc.ru.nl\/languageininteraction\/people\/","og_locale":"en_US","og_type":"article","og_title":"People - Language in interaction","og_description":"This page contains the contact list for researchers currently involved in the Language in Interaction consortium. Last name First name E-mail Function Project Abnar Samira ... Read more","og_url":"https:\/\/www.dcc.ru.nl\/languageininteraction\/people\/","og_site_name":"Language in interaction","article_modified_time":"2024-01-12T08:41:58+00:00","twitter_card":"summary_large_image","twitter_misc":{"Est. reading time":"3 minutes"},"schema":{"@context":"https:\/\/schema.org","@graph":[{"@type":"WebPage","@id":"https:\/\/www.dcc.ru.nl\/languageininteraction\/people\/","url":"https:\/\/www.dcc.ru.nl\/languageininteraction\/people\/","name":"People - Language in interaction","isPartOf":{"@id":"https:\/\/www.languageininteraction.nl\/#website"},"datePublished":"2021-06-17T11:43:45+00:00","dateModified":"2024-01-12T08:41:58+00:00","breadcrumb":{"@id":"https:\/\/www.dcc.ru.nl\/languageininteraction\/people\/#breadcrumb"},"inLanguage":"en-US","potentialAction":[{"@type":"ReadAction","target":["https:\/\/www.dcc.ru.nl\/languageininteraction\/people\/"]}]},{"@type":"BreadcrumbList","@id":"https:\/\/www.dcc.ru.nl\/languageininteraction\/people\/#breadcrumb","itemListElement":[{"@type":"ListItem","position":1,"name":"Home","item":"https:\/\/www.dcc.ru.nl\/languageininteraction\/"},{"@type":"ListItem","position":2,"name":"People"}]},{"@type":"WebSite","@id":"https:\/\/www.languageininteraction.nl\/#website","url":"https:\/\/www.languageininteraction.nl\/","name":"Language in interaction","description":"","publisher":{"@id":"https:\/\/www.languageininteraction.nl\/#organization"},"potentialAction":[{"@type":"SearchAction","target":{"@type":"EntryPoint","urlTemplate":"https:\/\/www.languageininteraction.nl\/?s={search_term_string}"},"query-input":{"@type":"PropertyValueSpecification","valueRequired":true,"valueName":"search_term_string"}}],"inLanguage":"en-US"},{"@type":"Organization","@id":"https:\/\/www.languageininteraction.nl\/#organization","name":"Language in interaction","url":"https:\/\/www.languageininteraction.nl\/","logo":{"@type":"ImageObject","inLanguage":"en-US","@id":"https:\/\/www.languageininteraction.nl\/#\/schema\/logo\/image\/","url":"https:\/\/www.dcc.ru.nl\/languageininteraction\/wp-content\/uploads\/2021\/07\/LiI_Logo_450px.jpg","contentUrl":"https:\/\/www.dcc.ru.nl\/languageininteraction\/wp-content\/uploads\/2021\/07\/LiI_Logo_450px.jpg","width":450,"height":91,"caption":"Language in interaction"},"image":{"@id":"https:\/\/www.languageininteraction.nl\/#\/schema\/logo\/image\/"}}]}},"_links":{"self":[{"href":"https:\/\/www.dcc.ru.nl\/languageininteraction\/wp-json\/wp\/v2\/pages\/223","targetHints":{"allow":["GET"]}}],"collection":[{"href":"https:\/\/www.dcc.ru.nl\/languageininteraction\/wp-json\/wp\/v2\/pages"}],"about":[{"href":"https:\/\/www.dcc.ru.nl\/languageininteraction\/wp-json\/wp\/v2\/types\/page"}],"author":[{"embeddable":true,"href":"https:\/\/www.dcc.ru.nl\/languageininteraction\/wp-json\/wp\/v2\/users\/1"}],"replies":[{"embeddable":true,"href":"https:\/\/www.dcc.ru.nl\/languageininteraction\/wp-json\/wp\/v2\/comments?post=223"}],"version-history":[{"count":5,"href":"https:\/\/www.dcc.ru.nl\/languageininteraction\/wp-json\/wp\/v2\/pages\/223\/revisions"}],"predecessor-version":[{"id":4354,"href":"https:\/\/www.dcc.ru.nl\/languageininteraction\/wp-json\/wp\/v2\/pages\/223\/revisions\/4354"}],"wp:attachment":[{"href":"https:\/\/www.dcc.ru.nl\/languageininteraction\/wp-json\/wp\/v2\/media?parent=223"}],"curies":[{"name":"wp","href":"https:\/\/api.w.org\/{rel}","templated":true}]}}