{"id":112,"date":"2021-06-16T11:59:49","date_gmt":"2021-06-16T09:59:49","guid":{"rendered":"https:\/\/www.dcc.ru.nl\/languageininteraction\/?page_id=112"},"modified":"2023-01-26T13:24:09","modified_gmt":"2023-01-26T12:24:09","slug":"scholen","status":"publish","type":"page","link":"https:\/\/www.dcc.ru.nl\/languageininteraction\/research-organization\/big-questions\/big-question-4\/taalkids\/scholen\/","title":{"rendered":"Scholen"},"content":{"rendered":"\n<h1 class=\"has-medium-font-size wp-block-heading\">ER BESTAAN ONTZETTEND VEEL TALEN, HOE LEREN WIJ DIE EIGENLIJK?<\/h1>\n\n\n\n<h2 class=\"wp-block-heading\">Help ons deze vraag te beantwoorden!!<\/h2>\n\n\n\n<figure class=\"wp-block-image\"><img loading=\"lazy\" decoding=\"async\" width=\"500\" height=\"167\" src=\"https:\/\/www.dcc.ru.nl\/languageininteraction\/wp-content\/uploads\/2021\/06\/Website_Welkom.JPG-133f6f11.jpg\" alt=\"\" class=\"wp-image-106\" srcset=\"https:\/\/www.dcc.ru.nl\/languageininteraction\/wp-content\/uploads\/2021\/06\/Website_Welkom.JPG-133f6f11.jpg 500w, https:\/\/www.dcc.ru.nl\/languageininteraction\/wp-content\/uploads\/2021\/06\/Website_Welkom.JPG-133f6f11-300x100.jpg 300w\" sizes=\"auto, (max-width: 500px) 100vw, 500px\" \/><\/figure>\n\n\n\n<h1 class=\"wp-block-heading\">ONS ONDERZOEK<\/h1>\n\n\n\n<div style=\"height:1px\" aria-hidden=\"true\" class=\"wp-block-spacer\"><\/div>\n\n\n\n<p><strong>Op het Donders instituut van het Radboud Universiteit zijn wij een groot onderzoek gestart naar Taal, Leren en Geheugen. Met dit onderzoek willen wij een belangrijke vraag, die jaren onbeantwoord is gebleven, beantwoorden:&nbsp;<em>\u201cWaarom is het leren van talen gemakkelijker voor kinderen dan voor volwassenen?\u201d<\/em><\/strong><\/p>\n\n\n\n<figure class=\"wp-block-image\"><img loading=\"lazy\" decoding=\"async\" width=\"200\" height=\"151\" src=\"https:\/\/www.dcc.ru.nl\/languageininteraction\/wp-content\/uploads\/2021\/06\/MRI_Scanner-13c5d745.png\" alt=\"\" class=\"wp-image-107\"\/><figcaption class=\"wp-element-caption\">Onze hypermoderne MRI scanner. Voordat je hierin mag liggen ga je eerst samen met ons oefenen in een &#8220;dummy&#8221; MRI scanner, zodat je een echte MRI-expert wordt.<\/figcaption><\/figure>\n\n\n\n<h2 class=\"wp-block-heading\"><strong>Waar gaat dit onderzoek over?<\/strong><\/h2>\n\n\n\n<p>Dit onderzoek gaat over het leren van een nieuwe taal, en in het bijzonder over hoe de hersenontwikkeling dit kan be\u00efnvloeden. De hersenen van kinderen en adolescenten zijn nog volop in de ontwikkeling en daardoor heel flexibel in het opslaan van nieuwe informatie. Van verschillende hersengebieden is bekend dat ze betrokken zijn bij het leren van nieuwe talen. En het is algemeen bekend dat het leren van talen makkelijker gaat als je er vroeg mee begint. Hoe het komt dat het taalleervermogen afneemt naarmate we ouder worden in relatie met de hersenen is nog niet goed onderzocht. Om die reden kijken we naar de ontwikkeling van hersengebieden bij kinderen in de leeftijd van 8 tot en met 17 jaar, in combinatie met het taalleervermogen.<\/p>\n\n\n\n<h2 class=\"wp-block-heading\"><strong>Hoe ziet het onderzoek eruit?<\/strong><\/h2>\n\n\n\n<p>In dit onderzoek worden verschillende onderzoeksmethoden gebruikt. Allereerst zullen we verschillende taal en geheugen tests bij de deelnemers afnemen. Alle tests vinden plaats achter de computer. Tot slot worden er ook enkele MRI-scans gemaakt. De afkorting MRI staat voor het Engelse begrip &#8220;Magnetic Resonance Imaging&#8221;. Met behulp van deze methode kan zowel de structuur van de hersenen als de hersenactiviteit worden weergegeven. Het mooie aan MRI is dat het veilig is en je (afgezien van de geluiden) het niet merkt dat we foto\u2019s van de hersenen maken. De MRI-scanner gebruikt G\u00c9\u00c9N r\u00f6ntgenstraling. Tegenwoordig hebben ook al veel baby&#8217;s en peuters meegedaan met MRI-onderzoeken.<\/p>\n\n\n\n<figure class=\"wp-block-image\"><img loading=\"lazy\" decoding=\"async\" width=\"133\" height=\"150\" src=\"https:\/\/www.dcc.ru.nl\/languageininteraction\/wp-content\/uploads\/2021\/06\/Brein2.PNG-c3625709.png\" alt=\"\" class=\"wp-image-108\"\/><\/figure>\n\n\n\n<h2 class=\"wp-block-heading\">Wie mogen deelnemen aan het onderzoek?<\/h2>\n\n\n\n<p>Aan dit onderzoek kunnen kinderen in de leeftijd van 8 tot en met 17 jaar (en volwassenen) deelnemen. Om het onderzoek uit te kunnen voeren is het belangrijk dat alle deelnemers aan specifieke voorwaarden voldoen. Om die reden nodigen we ge\u00efnteresseerden uit om contact op te nemen met het TAAL-team. De onderzoekers zullen dan een aantal vragen stellen om na te gaan of de ge\u00efnteresseerde voldoet aan de voorwaarden om mee te doen aan het onderzoek. Zo is het belangrijk dat de deelnemer Nederlands als moedertaal heeft en niet tweetalig is opgevoed.<\/p>\n\n\n\n<h2 class=\"wp-block-heading\">Bent u docent, coach of begeleider van enthousiaste kinderen of tieners?<\/h2>\n\n\n\n<p>Kent u enthousiaste kinderen of tieners die wellicht mee willen werken aan dit onderzoek, klik op de deze <a href=\"https:\/\/www.dcc.ru.nl\/languageininteraction\/research-organization\/big-questions\/big-question-4\/woordjes-onderzoek\/\">weblink <\/a>en stuur het door.<\/p>\n\n\n\n<figure class=\"wp-block-image\"><a href=\"https:\/\/kletskoppenfestival.nl\/p\/talenreis-door-de-hersenen\/\"><img loading=\"lazy\" decoding=\"async\" width=\"400\" height=\"366\" src=\"https:\/\/www.dcc.ru.nl\/languageininteraction\/wp-content\/uploads\/2021\/06\/Kletskoppen.JPG-075c40f6.jpg\" alt=\"\" class=\"wp-image-113\" srcset=\"https:\/\/www.dcc.ru.nl\/languageininteraction\/wp-content\/uploads\/2021\/06\/Kletskoppen.JPG-075c40f6.jpg 400w, https:\/\/www.dcc.ru.nl\/languageininteraction\/wp-content\/uploads\/2021\/06\/Kletskoppen.JPG-075c40f6-300x275.jpg 300w\" sizes=\"auto, (max-width: 400px) 100vw, 400px\" \/><\/a><\/figure>\n\n\n\n<h2 class=\"wp-block-heading\">Onderzoeker in de klas<\/h2>\n\n\n\n<p><strong>Ben u een docent op een basisschool of middelbare school en heeft u interesse in een kort klasbezoek van \u00e9\u00e9n van onze onderzoekers?<\/strong><\/p>\n\n\n\n<p>Neem dan contact op via het contact formulier.<\/p>\n\n\n\n<p>Wij komen graag langs in uw klas voor een korte interactieve uitleg over hersenen en ons hersenonderzoek.<\/p>\n\n\n\n<p>Wij werken ook samen met het Kletskoppen Festival voor kinderen. Daar is een project genaamd &#8220;Kletskoppen in de Klas&#8221;. Hierbij bezoekt een taalwetenschapper een school en verzorgt een les over een onderwerp dat te maken heeft met taalonderzoek. Voor meer informatie over kletskoppen ga naar de&nbsp;<a href=\"https:\/\/kletskoppenfestival.nl\/taalwetenschapper-in-de-klas\/\">Kletskoppen website<\/a>.\n\nWilt u meer weten over ons klasbezoek? Vul dan ons contact formulier in of contacteer ons via:<\/p>\n\n\n\n<h2 class=\"wp-block-heading\">JA, IK (SCHOOL) WIL GRAAG MEER INFORMATIE VOOR MIJN KLAS<\/h2>\n\n\n\n<div style=\"height:1px\" aria-hidden=\"true\" class=\"wp-block-spacer\"><\/div>\n\n\n\n<div class=\"wp-block-contact-form-7-contact-form-selector\">\n<div class=\"wpcf7 no-js\" id=\"wpcf7-f475-o1\" lang=\"en-US\" dir=\"ltr\" data-wpcf7-id=\"475\">\n<div class=\"screen-reader-response\"><p role=\"status\" aria-live=\"polite\" aria-atomic=\"true\"><\/p> <ul><\/ul><\/div>\n<form action=\"\/languageininteraction\/wp-json\/wp\/v2\/pages\/112#wpcf7-f475-o1\" method=\"post\" class=\"wpcf7-form init\" aria-label=\"Contact form\" novalidate=\"novalidate\" data-status=\"init\">\n<fieldset class=\"hidden-fields-container\"><input type=\"hidden\" name=\"_wpcf7\" value=\"475\" \/><input type=\"hidden\" name=\"_wpcf7_version\" value=\"6.1.5\" \/><input type=\"hidden\" name=\"_wpcf7_locale\" value=\"en_US\" \/><input type=\"hidden\" name=\"_wpcf7_unit_tag\" value=\"wpcf7-f475-o1\" \/><input type=\"hidden\" name=\"_wpcf7_container_post\" value=\"0\" \/><input type=\"hidden\" name=\"_wpcf7_posted_data_hash\" value=\"\" \/><input type=\"hidden\" name=\"_wpcf7_recaptcha_response\" value=\"\" \/>\n<\/fieldset>\n<p><label> Naam*<br \/>\n<span class=\"wpcf7-form-control-wrap\" data-name=\"naam\"><input size=\"40\" maxlength=\"400\" class=\"wpcf7-form-control wpcf7-text wpcf7-validates-as-required\" aria-required=\"true\" aria-invalid=\"false\" value=\"\" type=\"text\" name=\"naam\" \/><\/span> <\/label>\n<\/p>\n<p><label> E-mail adres*<br \/>\n<span class=\"wpcf7-form-control-wrap\" data-name=\"email\"><input size=\"40\" maxlength=\"400\" class=\"wpcf7-form-control wpcf7-email wpcf7-validates-as-required wpcf7-text wpcf7-validates-as-email\" aria-required=\"true\" aria-invalid=\"false\" value=\"\" type=\"email\" name=\"email\" \/><\/span> <\/label>\n<\/p>\n<p><label> Onderwerp*<br \/>\n<span class=\"wpcf7-form-control-wrap\" data-name=\"onderwerp\"><input size=\"40\" maxlength=\"400\" class=\"wpcf7-form-control wpcf7-text wpcf7-validates-as-required\" aria-required=\"true\" aria-invalid=\"false\" value=\"\" type=\"text\" name=\"onderwerp\" \/><\/span> <\/label>\n<\/p>\n<p><label> Bericht<br \/>\n<span class=\"wpcf7-form-control-wrap\" data-name=\"bericht\"><textarea cols=\"40\" rows=\"10\" maxlength=\"2000\" class=\"wpcf7-form-control wpcf7-textarea\" aria-invalid=\"false\" name=\"bericht\"><\/textarea><\/span> <\/label>\n<\/p>\n<p><input class=\"wpcf7-form-control wpcf7-submit has-spinner\" type=\"submit\" value=\"Verzend\" \/>\n<\/p><div class=\"wpcf7-response-output\" aria-hidden=\"true\"><\/div>\n<\/form>\n<\/div>\n<\/div>\n\n\n\n<div style=\"height:1px\" aria-hidden=\"true\" class=\"wp-block-spacer\"><\/div>\n\n\n\n<h2 class=\"wp-block-heading\">ONS TAALONDERZOEK KORT UITGELEGD op youtube<\/h2>\n\n\n\n<figure class=\"wp-block-video\"><video height=\"1080\" style=\"aspect-ratio: 1920 \/ 1080;\" width=\"1920\" controls src=\"https:\/\/www.dcc.ru.nl\/languageininteraction\/wp-content\/uploads\/2023\/01\/TaalVideo.mp4\"><\/video><\/figure>\n","protected":false},"excerpt":{"rendered":"<p>ER BESTAAN ONTZETTEND VEEL TALEN, HOE LEREN WIJ DIE EIGENLIJK? Help ons deze vraag te beantwoorden!! ONS ONDERZOEK Op het Donders instituut van het Radboud &#8230; <a title=\"Scholen\" class=\"read-more\" href=\"https:\/\/www.dcc.ru.nl\/languageininteraction\/research-organization\/big-questions\/big-question-4\/taalkids\/scholen\/\" aria-label=\"Read more about Scholen\">Read more<\/a><\/p>\n","protected":false},"author":4,"featured_media":0,"parent":110,"menu_order":0,"comment_status":"closed","ping_status":"closed","template":"","meta":{"footnotes":""},"class_list":["post-112","page","type-page","status-publish"],"yoast_head":"<!-- This site is optimized with the Yoast SEO plugin v27.5 - https:\/\/yoast.com\/product\/yoast-seo-wordpress\/ -->\n<title>Scholen - Language in interaction<\/title>\n<meta name=\"robots\" content=\"index, follow, max-snippet:-1, max-image-preview:large, max-video-preview:-1\" \/>\n<link rel=\"canonical\" href=\"https:\/\/www.dcc.ru.nl\/languageininteraction\/research-organization\/big-questions\/big-question-4\/taalkids\/scholen\/\" \/>\n<meta property=\"og:locale\" content=\"en_US\" \/>\n<meta property=\"og:type\" content=\"article\" \/>\n<meta property=\"og:title\" content=\"Scholen - Language in interaction\" \/>\n<meta property=\"og:description\" content=\"ER BESTAAN ONTZETTEND VEEL TALEN, HOE LEREN WIJ DIE EIGENLIJK? Help ons deze vraag te beantwoorden!! ONS ONDERZOEK Op het Donders instituut van het Radboud ... Read more\" \/>\n<meta property=\"og:url\" content=\"https:\/\/www.dcc.ru.nl\/languageininteraction\/research-organization\/big-questions\/big-question-4\/taalkids\/scholen\/\" \/>\n<meta property=\"og:site_name\" content=\"Language in interaction\" \/>\n<meta property=\"article:modified_time\" content=\"2023-01-26T12:24:09+00:00\" \/>\n<meta property=\"og:image\" content=\"https:\/\/www.languageininteraction.nl\/wp-content\/uploads\/2021\/06\/Website_Welkom.JPG-133f6f11.jpg\" \/>\n<meta name=\"twitter:card\" content=\"summary_large_image\" \/>\n<meta name=\"twitter:label1\" content=\"Est. reading time\" \/>\n\t<meta name=\"twitter:data1\" content=\"4 minutes\" \/>\n<script type=\"application\/ld+json\" class=\"yoast-schema-graph\">{\"@context\":\"https:\\\/\\\/schema.org\",\"@graph\":[{\"@type\":\"WebPage\",\"@id\":\"https:\\\/\\\/www.dcc.ru.nl\\\/languageininteraction\\\/research-organization\\\/big-questions\\\/big-question-4\\\/taalkids\\\/scholen\\\/\",\"url\":\"https:\\\/\\\/www.dcc.ru.nl\\\/languageininteraction\\\/research-organization\\\/big-questions\\\/big-question-4\\\/taalkids\\\/scholen\\\/\",\"name\":\"Scholen - Language in interaction\",\"isPartOf\":{\"@id\":\"https:\\\/\\\/www.languageininteraction.nl\\\/#website\"},\"primaryImageOfPage\":{\"@id\":\"https:\\\/\\\/www.dcc.ru.nl\\\/languageininteraction\\\/research-organization\\\/big-questions\\\/big-question-4\\\/taalkids\\\/scholen\\\/#primaryimage\"},\"image\":{\"@id\":\"https:\\\/\\\/www.dcc.ru.nl\\\/languageininteraction\\\/research-organization\\\/big-questions\\\/big-question-4\\\/taalkids\\\/scholen\\\/#primaryimage\"},\"thumbnailUrl\":\"https:\\\/\\\/www.dcc.ru.nl\\\/languageininteraction\\\/wp-content\\\/uploads\\\/2021\\\/06\\\/Website_Welkom.JPG-133f6f11.jpg\",\"datePublished\":\"2021-06-16T09:59:49+00:00\",\"dateModified\":\"2023-01-26T12:24:09+00:00\",\"breadcrumb\":{\"@id\":\"https:\\\/\\\/www.dcc.ru.nl\\\/languageininteraction\\\/research-organization\\\/big-questions\\\/big-question-4\\\/taalkids\\\/scholen\\\/#breadcrumb\"},\"inLanguage\":\"en-US\",\"potentialAction\":[{\"@type\":\"ReadAction\",\"target\":[\"https:\\\/\\\/www.dcc.ru.nl\\\/languageininteraction\\\/research-organization\\\/big-questions\\\/big-question-4\\\/taalkids\\\/scholen\\\/\"]}]},{\"@type\":\"ImageObject\",\"inLanguage\":\"en-US\",\"@id\":\"https:\\\/\\\/www.dcc.ru.nl\\\/languageininteraction\\\/research-organization\\\/big-questions\\\/big-question-4\\\/taalkids\\\/scholen\\\/#primaryimage\",\"url\":\"https:\\\/\\\/www.dcc.ru.nl\\\/languageininteraction\\\/wp-content\\\/uploads\\\/2021\\\/06\\\/Website_Welkom.JPG-133f6f11.jpg\",\"contentUrl\":\"https:\\\/\\\/www.dcc.ru.nl\\\/languageininteraction\\\/wp-content\\\/uploads\\\/2021\\\/06\\\/Website_Welkom.JPG-133f6f11.jpg\",\"width\":500,\"height\":167},{\"@type\":\"BreadcrumbList\",\"@id\":\"https:\\\/\\\/www.dcc.ru.nl\\\/languageininteraction\\\/research-organization\\\/big-questions\\\/big-question-4\\\/taalkids\\\/scholen\\\/#breadcrumb\",\"itemListElement\":[{\"@type\":\"ListItem\",\"position\":1,\"name\":\"Home\",\"item\":\"https:\\\/\\\/www.dcc.ru.nl\\\/languageininteraction\\\/\"},{\"@type\":\"ListItem\",\"position\":2,\"name\":\"Research organization\",\"item\":\"https:\\\/\\\/www.languageininteraction.nl\\\/research-organization\\\/\"},{\"@type\":\"ListItem\",\"position\":3,\"name\":\"Big Questions\",\"item\":\"https:\\\/\\\/www.languageininteraction.nl\\\/research-organization\\\/big-questions\\\/\"},{\"@type\":\"ListItem\",\"position\":4,\"name\":\"Big Question 4\",\"item\":\"https:\\\/\\\/www.dcc.ru.nl\\\/languageininteraction\\\/research-organization\\\/big-questions\\\/big-question-4\\\/\"},{\"@type\":\"ListItem\",\"position\":5,\"name\":\"Taal voor kids\",\"item\":\"https:\\\/\\\/www.dcc.ru.nl\\\/languageininteraction\\\/research-organization\\\/big-questions\\\/big-question-4\\\/taalkids\\\/\"},{\"@type\":\"ListItem\",\"position\":6,\"name\":\"Scholen\"}]},{\"@type\":\"WebSite\",\"@id\":\"https:\\\/\\\/www.languageininteraction.nl\\\/#website\",\"url\":\"https:\\\/\\\/www.languageininteraction.nl\\\/\",\"name\":\"Language in interaction\",\"description\":\"\",\"publisher\":{\"@id\":\"https:\\\/\\\/www.languageininteraction.nl\\\/#organization\"},\"potentialAction\":[{\"@type\":\"SearchAction\",\"target\":{\"@type\":\"EntryPoint\",\"urlTemplate\":\"https:\\\/\\\/www.languageininteraction.nl\\\/?s={search_term_string}\"},\"query-input\":{\"@type\":\"PropertyValueSpecification\",\"valueRequired\":true,\"valueName\":\"search_term_string\"}}],\"inLanguage\":\"en-US\"},{\"@type\":\"Organization\",\"@id\":\"https:\\\/\\\/www.languageininteraction.nl\\\/#organization\",\"name\":\"Language in interaction\",\"url\":\"https:\\\/\\\/www.languageininteraction.nl\\\/\",\"logo\":{\"@type\":\"ImageObject\",\"inLanguage\":\"en-US\",\"@id\":\"https:\\\/\\\/www.languageininteraction.nl\\\/#\\\/schema\\\/logo\\\/image\\\/\",\"url\":\"https:\\\/\\\/www.dcc.ru.nl\\\/languageininteraction\\\/wp-content\\\/uploads\\\/2021\\\/07\\\/LiI_Logo_450px.jpg\",\"contentUrl\":\"https:\\\/\\\/www.dcc.ru.nl\\\/languageininteraction\\\/wp-content\\\/uploads\\\/2021\\\/07\\\/LiI_Logo_450px.jpg\",\"width\":450,\"height\":91,\"caption\":\"Language in interaction\"},\"image\":{\"@id\":\"https:\\\/\\\/www.languageininteraction.nl\\\/#\\\/schema\\\/logo\\\/image\\\/\"}}]}<\/script>\n<!-- \/ Yoast SEO plugin. -->","yoast_head_json":{"title":"Scholen - Language in interaction","robots":{"index":"index","follow":"follow","max-snippet":"max-snippet:-1","max-image-preview":"max-image-preview:large","max-video-preview":"max-video-preview:-1"},"canonical":"https:\/\/www.dcc.ru.nl\/languageininteraction\/research-organization\/big-questions\/big-question-4\/taalkids\/scholen\/","og_locale":"en_US","og_type":"article","og_title":"Scholen - Language in interaction","og_description":"ER BESTAAN ONTZETTEND VEEL TALEN, HOE LEREN WIJ DIE EIGENLIJK? Help ons deze vraag te beantwoorden!! ONS ONDERZOEK Op het Donders instituut van het Radboud ... Read more","og_url":"https:\/\/www.dcc.ru.nl\/languageininteraction\/research-organization\/big-questions\/big-question-4\/taalkids\/scholen\/","og_site_name":"Language in interaction","article_modified_time":"2023-01-26T12:24:09+00:00","og_image":[{"url":"https:\/\/www.languageininteraction.nl\/wp-content\/uploads\/2021\/06\/Website_Welkom.JPG-133f6f11.jpg","type":"","width":"","height":""}],"twitter_card":"summary_large_image","twitter_misc":{"Est. reading time":"4 minutes"},"schema":{"@context":"https:\/\/schema.org","@graph":[{"@type":"WebPage","@id":"https:\/\/www.dcc.ru.nl\/languageininteraction\/research-organization\/big-questions\/big-question-4\/taalkids\/scholen\/","url":"https:\/\/www.dcc.ru.nl\/languageininteraction\/research-organization\/big-questions\/big-question-4\/taalkids\/scholen\/","name":"Scholen - Language in interaction","isPartOf":{"@id":"https:\/\/www.languageininteraction.nl\/#website"},"primaryImageOfPage":{"@id":"https:\/\/www.dcc.ru.nl\/languageininteraction\/research-organization\/big-questions\/big-question-4\/taalkids\/scholen\/#primaryimage"},"image":{"@id":"https:\/\/www.dcc.ru.nl\/languageininteraction\/research-organization\/big-questions\/big-question-4\/taalkids\/scholen\/#primaryimage"},"thumbnailUrl":"https:\/\/www.dcc.ru.nl\/languageininteraction\/wp-content\/uploads\/2021\/06\/Website_Welkom.JPG-133f6f11.jpg","datePublished":"2021-06-16T09:59:49+00:00","dateModified":"2023-01-26T12:24:09+00:00","breadcrumb":{"@id":"https:\/\/www.dcc.ru.nl\/languageininteraction\/research-organization\/big-questions\/big-question-4\/taalkids\/scholen\/#breadcrumb"},"inLanguage":"en-US","potentialAction":[{"@type":"ReadAction","target":["https:\/\/www.dcc.ru.nl\/languageininteraction\/research-organization\/big-questions\/big-question-4\/taalkids\/scholen\/"]}]},{"@type":"ImageObject","inLanguage":"en-US","@id":"https:\/\/www.dcc.ru.nl\/languageininteraction\/research-organization\/big-questions\/big-question-4\/taalkids\/scholen\/#primaryimage","url":"https:\/\/www.dcc.ru.nl\/languageininteraction\/wp-content\/uploads\/2021\/06\/Website_Welkom.JPG-133f6f11.jpg","contentUrl":"https:\/\/www.dcc.ru.nl\/languageininteraction\/wp-content\/uploads\/2021\/06\/Website_Welkom.JPG-133f6f11.jpg","width":500,"height":167},{"@type":"BreadcrumbList","@id":"https:\/\/www.dcc.ru.nl\/languageininteraction\/research-organization\/big-questions\/big-question-4\/taalkids\/scholen\/#breadcrumb","itemListElement":[{"@type":"ListItem","position":1,"name":"Home","item":"https:\/\/www.dcc.ru.nl\/languageininteraction\/"},{"@type":"ListItem","position":2,"name":"Research organization","item":"https:\/\/www.languageininteraction.nl\/research-organization\/"},{"@type":"ListItem","position":3,"name":"Big Questions","item":"https:\/\/www.languageininteraction.nl\/research-organization\/big-questions\/"},{"@type":"ListItem","position":4,"name":"Big Question 4","item":"https:\/\/www.dcc.ru.nl\/languageininteraction\/research-organization\/big-questions\/big-question-4\/"},{"@type":"ListItem","position":5,"name":"Taal voor kids","item":"https:\/\/www.dcc.ru.nl\/languageininteraction\/research-organization\/big-questions\/big-question-4\/taalkids\/"},{"@type":"ListItem","position":6,"name":"Scholen"}]},{"@type":"WebSite","@id":"https:\/\/www.languageininteraction.nl\/#website","url":"https:\/\/www.languageininteraction.nl\/","name":"Language in interaction","description":"","publisher":{"@id":"https:\/\/www.languageininteraction.nl\/#organization"},"potentialAction":[{"@type":"SearchAction","target":{"@type":"EntryPoint","urlTemplate":"https:\/\/www.languageininteraction.nl\/?s={search_term_string}"},"query-input":{"@type":"PropertyValueSpecification","valueRequired":true,"valueName":"search_term_string"}}],"inLanguage":"en-US"},{"@type":"Organization","@id":"https:\/\/www.languageininteraction.nl\/#organization","name":"Language in interaction","url":"https:\/\/www.languageininteraction.nl\/","logo":{"@type":"ImageObject","inLanguage":"en-US","@id":"https:\/\/www.languageininteraction.nl\/#\/schema\/logo\/image\/","url":"https:\/\/www.dcc.ru.nl\/languageininteraction\/wp-content\/uploads\/2021\/07\/LiI_Logo_450px.jpg","contentUrl":"https:\/\/www.dcc.ru.nl\/languageininteraction\/wp-content\/uploads\/2021\/07\/LiI_Logo_450px.jpg","width":450,"height":91,"caption":"Language in interaction"},"image":{"@id":"https:\/\/www.languageininteraction.nl\/#\/schema\/logo\/image\/"}}]}},"_links":{"self":[{"href":"https:\/\/www.dcc.ru.nl\/languageininteraction\/wp-json\/wp\/v2\/pages\/112","targetHints":{"allow":["GET"]}}],"collection":[{"href":"https:\/\/www.dcc.ru.nl\/languageininteraction\/wp-json\/wp\/v2\/pages"}],"about":[{"href":"https:\/\/www.dcc.ru.nl\/languageininteraction\/wp-json\/wp\/v2\/types\/page"}],"author":[{"embeddable":true,"href":"https:\/\/www.dcc.ru.nl\/languageininteraction\/wp-json\/wp\/v2\/users\/4"}],"replies":[{"embeddable":true,"href":"https:\/\/www.dcc.ru.nl\/languageininteraction\/wp-json\/wp\/v2\/comments?post=112"}],"version-history":[{"count":5,"href":"https:\/\/www.dcc.ru.nl\/languageininteraction\/wp-json\/wp\/v2\/pages\/112\/revisions"}],"predecessor-version":[{"id":3606,"href":"https:\/\/www.dcc.ru.nl\/languageininteraction\/wp-json\/wp\/v2\/pages\/112\/revisions\/3606"}],"up":[{"embeddable":true,"href":"https:\/\/www.dcc.ru.nl\/languageininteraction\/wp-json\/wp\/v2\/pages\/110"}],"wp:attachment":[{"href":"https:\/\/www.dcc.ru.nl\/languageininteraction\/wp-json\/wp\/v2\/media?parent=112"}],"curies":[{"name":"wp","href":"https:\/\/api.w.org\/{rel}","templated":true}]}}