{"id":1020,"date":"2021-08-17T15:43:51","date_gmt":"2021-08-17T13:43:51","guid":{"rendered":"https:\/\/www.languageininteraction.nl\/?page_id=1020"},"modified":"2021-08-17T15:45:28","modified_gmt":"2021-08-17T13:45:28","slug":"yvo-spelregels","status":"publish","type":"page","link":"https:\/\/www.dcc.ru.nl\/languageininteraction\/societal-impact\/apps-nl\/veelgestelde-vragen-faq\/yvo-spelregels\/","title":{"rendered":"Yvo Spelregels"},"content":{"rendered":"\n<p>Het doel van het spel Yvo is om zinnen te vormen op het spelbord met behulp van de woordentegels die op het spelersplankje liggen. Spelers krijgen punten op basis van het type woord dat ze neerleggen in alle (zins)richtingen waarbij hun woord aansluit.<\/p>\n\n\n\n<h2 class=\"wp-block-heading\">Spelbord<\/h2>\n\n\n\n<ul class=\"wp-block-list\"><li>Het spelbord is 27 bij 27 groot en heeft in totaal 729 vakken.<\/li><li>Spelers proberen per beurt een zin te vormen door nieuwe woorden aan te sluiten bij zinnen die al op het bord liggen. Er moet daarmee een nieuwe zin gevormd worden van minimaal 2 woorden.<\/li><li>Zowel op het spelbord als op het plankje worden woorden uitgesproken door erop te tikken en met twee vingers tikken roept de definitie op.<\/li><\/ul>\n\n\n\n<h2 class=\"wp-block-heading\">Tegelvoorraad<\/h2>\n\n\n\n<ul class=\"wp-block-list\"><li>Elke speler heeft een eigen plankje waarop 7 tegels met woorden liggen. Iedere tegel bevat \u00e9\u00e9n woord. Er zijn ook lege tegels, de zgn. joker, waarmee een speler zelf een woord kan ingeven.<\/li><li>Per beurt worden er nieuwe tegels getrokken uit de gezamenlijke voorraad die per spel beschikbaar is en varieert naar gelang het aantal spelers (bij twee spelers is dat bijv. 38 tegels per spel). Yvo\u2019s totale woordenschat bevat bijna 1500 woorden (vervoegingen en tijd meegerekend) getrokken uit een grote database met een miljoen Nederlandse woorden.<\/li><\/ul>\n\n\n\n<h2 class=\"wp-block-heading\">Nieuw spel<\/h2>\n\n\n\n<ul class=\"wp-block-list\"><li>Een spel begint door in Yvo een nieuw spel aan te maken waarbij tussen de twee en negen spelers worden geselecteerd. Het is ook mogelijk om Yvo solo te spelen.<\/li><li>Hierna wordt voor elke nieuwe speler een profiel ingesteld, waarbij een naam en een afbeelding (een dier) wordt gekozen. Het is ook mogelijk om een al bestaande speler te kiezen.<\/li><li>Daarna start het spel.<\/li><\/ul>\n\n\n\n<h2 class=\"wp-block-heading\">Spelverloop<\/h2>\n\n\n\n<ul class=\"wp-block-list\"><li>Om de beurt legt elke speler een nieuwe zin neer op het spelbord met woorden vanuit zijn plankje. Als deze woorden horizontaal en verticaal aansluiten bij eerder gelegde woorden kunnen er zo meerdere zinnen tegelijk worden neergelegd.<\/li><li>Bij de eerstvolgende beurt worden lege plekken op een plankje opnieuw aangevuld.<\/li><li>Als de tegelvoorraad niet meer voldoende is om voor elke speler een geheel plankje te vullen krijgen alle spelers nog \u00e9\u00e9n bonusbeurt waarbij de plankjes worden gevuld tot de voorraad op is. Dan eindigt het spel en is de speler met de meeste punten de winnaar.<\/li><\/ul>\n\n\n\n<h2 class=\"wp-block-heading\">Beurtverloop<\/h2>\n\n\n\n<ul class=\"wp-block-list\"><li>Aan het begin van een beurt schuift de afbeelding van de speler die aan de beurt is naar de voorgrond. De speler kan nu een woordtegel naar het bord slepen om een zin te vormen van minimaal twee woorden. De speler moet alle tegels die hij (of zij) plaatst in eenzelfde horizontale of verticale lijn leggen. Daarnaast moet er minimaal \u00e9\u00e9n tegel aansluiten bij een reeds eerder gelegde zin.<\/li><li>Een speler kan ook woorden husselen, wisselen of resetten.<\/li><li>Als hij niets neer kan of wil leggen slaat hij zijn (of haar) beurt over met de pas knop.<\/li><li>Als hij klaar is met zijn beurt sluit hij af met de klaar knop. De spelers moeten nu samen per zin aangeven of ze vinden dat deze grammaticaal correct is. Als spelers van mening verschillen is het onderhandelen geblazen! Het is ook mogelijk om meer informatie over de grammaticaregels op te zoeken via&nbsp;<a href=\"http:\/\/ans.ruhosting.nl\/e-ans\" target=\"_blank\" rel=\"noreferrer noopener\">ans.ruhosting.nl\/e-ans<\/a>.<\/li><li>Als alle zinnen goedgekeurd zijn worden deze door Yvo hardop uitgesproken en gaat de beurt over naar de volgende speler.<\/li><\/ul>\n\n\n\n<h3 class=\"wp-block-heading\">Hussel<\/h3>\n\n\n\n<p>Met de hussel knop kan de speler de volgorde van de woorden op zijn plankje veranderen, om zo inspiratie op te doen voor een mogelijke zin.<\/p>\n\n\n\n<h3 class=\"wp-block-heading\">Wissel<\/h3>\n\n\n\n<p>Met de wissel knop kan de speler de woorden op zijn plankje omruilen voor andere. Hij bepaalt zelf hoeveel woorden hij om wil ruilen. Hij moet daarna wel direct passen en slaat dan zijn beurt over.<\/p>\n\n\n\n<h3 class=\"wp-block-heading\">Reset<\/h3>\n\n\n\n<p>Met de reset knop kan de speler woorden die hij al op het bord had neergelegd in \u00e9\u00e9n keer weer naar zijn plankje terughalen. Hij kan dat ook doen door ze \u00e9\u00e9n voor \u00e9\u00e9n met de vinger terug te slepen.<\/p>\n\n\n\n<h2 class=\"wp-block-heading\">Puntentelling<\/h2>\n\n\n\n<ul class=\"wp-block-list\"><li>Aan het einde van een beurt worden de punten van de gelegde woorden bij elkaar opgeteld. Het aantal punten verschilt per type woord (bijv. werkwoord, bijwoord) en varieert van 1 tot 4.<\/li><li>Per woord wordt gekeken in welke richting het aansluit bij andere woorden. Alle punten van die horizontale en verticale rij worden meegeteld, dus ook van woorden uit eerdere beurten.<\/li><li>Elke aansluitende zin kan maar \u00e9\u00e9nmaal punten opleveren, terwijl elk nieuw gelegd woord dus mogelijk dubbel punten oplevert.<\/li><\/ul>\n","protected":false},"excerpt":{"rendered":"<p>Het doel van het spel Yvo is om zinnen te vormen op het spelbord met behulp van de woordentegels die op het spelersplankje liggen. Spelers &#8230; <a title=\"Yvo Spelregels\" class=\"read-more\" href=\"https:\/\/www.dcc.ru.nl\/languageininteraction\/societal-impact\/apps-nl\/veelgestelde-vragen-faq\/yvo-spelregels\/\" aria-label=\"Read more about Yvo Spelregels\">Read more<\/a><\/p>\n","protected":false},"author":2,"featured_media":0,"parent":995,"menu_order":1,"comment_status":"closed","ping_status":"closed","template":"","meta":{"footnotes":""},"class_list":["post-1020","page","type-page","status-publish"],"yoast_head":"<!-- This site is optimized with the Yoast SEO plugin v27.3 - https:\/\/yoast.com\/product\/yoast-seo-wordpress\/ -->\n<title>Yvo Spelregels - Language in interaction<\/title>\n<meta name=\"robots\" content=\"index, follow, max-snippet:-1, max-image-preview:large, max-video-preview:-1\" \/>\n<link rel=\"canonical\" href=\"https:\/\/www.languageininteraction.nl\/societal-impact\/apps-nl\/veelgestelde-vragen-faq\/yvo-spelregels\/\" \/>\n<meta property=\"og:locale\" content=\"en_US\" \/>\n<meta property=\"og:type\" content=\"article\" \/>\n<meta property=\"og:title\" content=\"Yvo Spelregels - Language in interaction\" \/>\n<meta property=\"og:description\" content=\"Het doel van het spel Yvo is om zinnen te vormen op het spelbord met behulp van de woordentegels die op het spelersplankje liggen. Spelers ... Read more\" \/>\n<meta property=\"og:url\" content=\"https:\/\/www.languageininteraction.nl\/societal-impact\/apps-nl\/veelgestelde-vragen-faq\/yvo-spelregels\/\" \/>\n<meta property=\"og:site_name\" content=\"Language in interaction\" \/>\n<meta property=\"article:modified_time\" content=\"2021-08-17T13:45:28+00:00\" \/>\n<meta name=\"twitter:card\" content=\"summary_large_image\" \/>\n<meta name=\"twitter:label1\" content=\"Est. reading time\" \/>\n\t<meta name=\"twitter:data1\" content=\"4 minutes\" \/>\n<script type=\"application\/ld+json\" class=\"yoast-schema-graph\">{\"@context\":\"https:\\\/\\\/schema.org\",\"@graph\":[{\"@type\":\"WebPage\",\"@id\":\"https:\\\/\\\/www.languageininteraction.nl\\\/societal-impact\\\/apps-nl\\\/veelgestelde-vragen-faq\\\/yvo-spelregels\\\/\",\"url\":\"https:\\\/\\\/www.languageininteraction.nl\\\/societal-impact\\\/apps-nl\\\/veelgestelde-vragen-faq\\\/yvo-spelregels\\\/\",\"name\":\"Yvo Spelregels - Language in interaction\",\"isPartOf\":{\"@id\":\"https:\\\/\\\/www.languageininteraction.nl\\\/#website\"},\"datePublished\":\"2021-08-17T13:43:51+00:00\",\"dateModified\":\"2021-08-17T13:45:28+00:00\",\"breadcrumb\":{\"@id\":\"https:\\\/\\\/www.languageininteraction.nl\\\/societal-impact\\\/apps-nl\\\/veelgestelde-vragen-faq\\\/yvo-spelregels\\\/#breadcrumb\"},\"inLanguage\":\"en-US\",\"potentialAction\":[{\"@type\":\"ReadAction\",\"target\":[\"https:\\\/\\\/www.languageininteraction.nl\\\/societal-impact\\\/apps-nl\\\/veelgestelde-vragen-faq\\\/yvo-spelregels\\\/\"]}]},{\"@type\":\"BreadcrumbList\",\"@id\":\"https:\\\/\\\/www.languageininteraction.nl\\\/societal-impact\\\/apps-nl\\\/veelgestelde-vragen-faq\\\/yvo-spelregels\\\/#breadcrumb\",\"itemListElement\":[{\"@type\":\"ListItem\",\"position\":1,\"name\":\"Home\",\"item\":\"https:\\\/\\\/www.dcc.ru.nl\\\/languageininteraction\\\/\"},{\"@type\":\"ListItem\",\"position\":2,\"name\":\"Societal impact\",\"item\":\"https:\\\/\\\/www.languageininteraction.nl\\\/societal-impact\\\/\"},{\"@type\":\"ListItem\",\"position\":3,\"name\":\"APPS en Serious Games (NL)\",\"item\":\"https:\\\/\\\/www.languageininteraction.nl\\\/societal-impact\\\/apps-nl\\\/\"},{\"@type\":\"ListItem\",\"position\":4,\"name\":\"Veelgestelde vragen (NL FAQ)\",\"item\":\"https:\\\/\\\/www.languageininteraction.nl\\\/societal-impact\\\/apps-nl\\\/veelgestelde-vragen-faq\\\/\"},{\"@type\":\"ListItem\",\"position\":5,\"name\":\"Yvo Spelregels\"}]},{\"@type\":\"WebSite\",\"@id\":\"https:\\\/\\\/www.languageininteraction.nl\\\/#website\",\"url\":\"https:\\\/\\\/www.languageininteraction.nl\\\/\",\"name\":\"Language in interaction\",\"description\":\"\",\"publisher\":{\"@id\":\"https:\\\/\\\/www.languageininteraction.nl\\\/#organization\"},\"potentialAction\":[{\"@type\":\"SearchAction\",\"target\":{\"@type\":\"EntryPoint\",\"urlTemplate\":\"https:\\\/\\\/www.languageininteraction.nl\\\/?s={search_term_string}\"},\"query-input\":{\"@type\":\"PropertyValueSpecification\",\"valueRequired\":true,\"valueName\":\"search_term_string\"}}],\"inLanguage\":\"en-US\"},{\"@type\":\"Organization\",\"@id\":\"https:\\\/\\\/www.languageininteraction.nl\\\/#organization\",\"name\":\"Language in interaction\",\"url\":\"https:\\\/\\\/www.languageininteraction.nl\\\/\",\"logo\":{\"@type\":\"ImageObject\",\"inLanguage\":\"en-US\",\"@id\":\"https:\\\/\\\/www.languageininteraction.nl\\\/#\\\/schema\\\/logo\\\/image\\\/\",\"url\":\"https:\\\/\\\/www.dcc.ru.nl\\\/languageininteraction\\\/wp-content\\\/uploads\\\/2021\\\/07\\\/LiI_Logo_450px.jpg\",\"contentUrl\":\"https:\\\/\\\/www.dcc.ru.nl\\\/languageininteraction\\\/wp-content\\\/uploads\\\/2021\\\/07\\\/LiI_Logo_450px.jpg\",\"width\":450,\"height\":91,\"caption\":\"Language in interaction\"},\"image\":{\"@id\":\"https:\\\/\\\/www.languageininteraction.nl\\\/#\\\/schema\\\/logo\\\/image\\\/\"}}]}<\/script>\n<!-- \/ Yoast SEO plugin. -->","yoast_head_json":{"title":"Yvo Spelregels - Language in interaction","robots":{"index":"index","follow":"follow","max-snippet":"max-snippet:-1","max-image-preview":"max-image-preview:large","max-video-preview":"max-video-preview:-1"},"canonical":"https:\/\/www.languageininteraction.nl\/societal-impact\/apps-nl\/veelgestelde-vragen-faq\/yvo-spelregels\/","og_locale":"en_US","og_type":"article","og_title":"Yvo Spelregels - Language in interaction","og_description":"Het doel van het spel Yvo is om zinnen te vormen op het spelbord met behulp van de woordentegels die op het spelersplankje liggen. Spelers ... Read more","og_url":"https:\/\/www.languageininteraction.nl\/societal-impact\/apps-nl\/veelgestelde-vragen-faq\/yvo-spelregels\/","og_site_name":"Language in interaction","article_modified_time":"2021-08-17T13:45:28+00:00","twitter_card":"summary_large_image","twitter_misc":{"Est. reading time":"4 minutes"},"schema":{"@context":"https:\/\/schema.org","@graph":[{"@type":"WebPage","@id":"https:\/\/www.languageininteraction.nl\/societal-impact\/apps-nl\/veelgestelde-vragen-faq\/yvo-spelregels\/","url":"https:\/\/www.languageininteraction.nl\/societal-impact\/apps-nl\/veelgestelde-vragen-faq\/yvo-spelregels\/","name":"Yvo Spelregels - Language in interaction","isPartOf":{"@id":"https:\/\/www.languageininteraction.nl\/#website"},"datePublished":"2021-08-17T13:43:51+00:00","dateModified":"2021-08-17T13:45:28+00:00","breadcrumb":{"@id":"https:\/\/www.languageininteraction.nl\/societal-impact\/apps-nl\/veelgestelde-vragen-faq\/yvo-spelregels\/#breadcrumb"},"inLanguage":"en-US","potentialAction":[{"@type":"ReadAction","target":["https:\/\/www.languageininteraction.nl\/societal-impact\/apps-nl\/veelgestelde-vragen-faq\/yvo-spelregels\/"]}]},{"@type":"BreadcrumbList","@id":"https:\/\/www.languageininteraction.nl\/societal-impact\/apps-nl\/veelgestelde-vragen-faq\/yvo-spelregels\/#breadcrumb","itemListElement":[{"@type":"ListItem","position":1,"name":"Home","item":"https:\/\/www.dcc.ru.nl\/languageininteraction\/"},{"@type":"ListItem","position":2,"name":"Societal impact","item":"https:\/\/www.languageininteraction.nl\/societal-impact\/"},{"@type":"ListItem","position":3,"name":"APPS en Serious Games (NL)","item":"https:\/\/www.languageininteraction.nl\/societal-impact\/apps-nl\/"},{"@type":"ListItem","position":4,"name":"Veelgestelde vragen (NL FAQ)","item":"https:\/\/www.languageininteraction.nl\/societal-impact\/apps-nl\/veelgestelde-vragen-faq\/"},{"@type":"ListItem","position":5,"name":"Yvo Spelregels"}]},{"@type":"WebSite","@id":"https:\/\/www.languageininteraction.nl\/#website","url":"https:\/\/www.languageininteraction.nl\/","name":"Language in interaction","description":"","publisher":{"@id":"https:\/\/www.languageininteraction.nl\/#organization"},"potentialAction":[{"@type":"SearchAction","target":{"@type":"EntryPoint","urlTemplate":"https:\/\/www.languageininteraction.nl\/?s={search_term_string}"},"query-input":{"@type":"PropertyValueSpecification","valueRequired":true,"valueName":"search_term_string"}}],"inLanguage":"en-US"},{"@type":"Organization","@id":"https:\/\/www.languageininteraction.nl\/#organization","name":"Language in interaction","url":"https:\/\/www.languageininteraction.nl\/","logo":{"@type":"ImageObject","inLanguage":"en-US","@id":"https:\/\/www.languageininteraction.nl\/#\/schema\/logo\/image\/","url":"https:\/\/www.dcc.ru.nl\/languageininteraction\/wp-content\/uploads\/2021\/07\/LiI_Logo_450px.jpg","contentUrl":"https:\/\/www.dcc.ru.nl\/languageininteraction\/wp-content\/uploads\/2021\/07\/LiI_Logo_450px.jpg","width":450,"height":91,"caption":"Language in interaction"},"image":{"@id":"https:\/\/www.languageininteraction.nl\/#\/schema\/logo\/image\/"}}]}},"_links":{"self":[{"href":"https:\/\/www.dcc.ru.nl\/languageininteraction\/wp-json\/wp\/v2\/pages\/1020","targetHints":{"allow":["GET"]}}],"collection":[{"href":"https:\/\/www.dcc.ru.nl\/languageininteraction\/wp-json\/wp\/v2\/pages"}],"about":[{"href":"https:\/\/www.dcc.ru.nl\/languageininteraction\/wp-json\/wp\/v2\/types\/page"}],"author":[{"embeddable":true,"href":"https:\/\/www.dcc.ru.nl\/languageininteraction\/wp-json\/wp\/v2\/users\/2"}],"replies":[{"embeddable":true,"href":"https:\/\/www.dcc.ru.nl\/languageininteraction\/wp-json\/wp\/v2\/comments?post=1020"}],"version-history":[{"count":2,"href":"https:\/\/www.dcc.ru.nl\/languageininteraction\/wp-json\/wp\/v2\/pages\/1020\/revisions"}],"predecessor-version":[{"id":1022,"href":"https:\/\/www.dcc.ru.nl\/languageininteraction\/wp-json\/wp\/v2\/pages\/1020\/revisions\/1022"}],"up":[{"embeddable":true,"href":"https:\/\/www.dcc.ru.nl\/languageininteraction\/wp-json\/wp\/v2\/pages\/995"}],"wp:attachment":[{"href":"https:\/\/www.dcc.ru.nl\/languageininteraction\/wp-json\/wp\/v2\/media?parent=1020"}],"curies":[{"name":"wp","href":"https:\/\/api.w.org\/{rel}","templated":true}]}}