{"id":273,"date":"2021-10-11T09:47:49","date_gmt":"2021-10-11T09:47:49","guid":{"rendered":"https:\/\/www.dcc.ru.nl\/babybrain\/?page_id=273"},"modified":"2021-11-26T14:09:03","modified_gmt":"2021-11-26T14:09:03","slug":"rocio-fernandez-2","status":"publish","type":"page","link":"https:\/\/www.dcc.ru.nl\/babybrain\/our-team\/rocio-fernandez-2\/","title":{"rendered":"Roc\u00edo Fernandez"},"content":{"rendered":"\n<div class=\"wp-block-columns is-layout-flex wp-container-core-columns-is-layout-9d6595d7 wp-block-columns-is-layout-flex\">\n<div class=\"wp-block-column is-layout-flow wp-block-column-is-layout-flow\" style=\"flex-basis:25%\">\n<div class=\"wp-block-image\"><figure class=\"aligncenter size-full\"><img loading=\"lazy\" decoding=\"async\" width=\"300\" height=\"200\" src=\"https:\/\/www.dcc.ru.nl\/babybrain\/wp-content\/uploads\/2021\/10\/Roci\u0301o-Fernandez.jpg\" alt=\"\" class=\"wp-image-160\"\/><\/figure><\/div>\n\n\n\n<h4 class=\"has-text-align-left titel_naam wp-block-heading\">Roc\u00edo Fernandez, MSc<\/h4>\n\n\n\n<p class=\"has-text-align-left functie\">Junior researcher<\/p>\n\n\n\n<figure class=\"wp-block-image size-full is-resized\"><a href=\"mailto:maria.fernandezbarrero@donders.ru.nl\"><img loading=\"lazy\" decoding=\"async\" src=\"https:\/\/www.dcc.ru.nl\/babybrain\/wp-content\/uploads\/2021\/11\/mail.jpg\" alt=\"\" class=\"wp-image-337\" width=\"51\" height=\"35\"\/><\/a><\/figure>\n<\/div>\n\n\n\n<div class=\"wp-block-column is-layout-flow wp-block-column-is-layout-flow\" style=\"flex-basis:75%\">\n<h3 class=\"wp-block-heading\">About me<\/h3>\n\n\n\n<p>My name is Roc\u00edo and since October 2019, I am a PhD candidate in the BabyBRAIN group from the BRC. In my project I am mainly interested in investigating infants\u2019 and young children\u2019s brainwaves: what is their role in development? What are patterns of brain activity that signal us that a child is processing novel information and is about to learn? And can we tweak this activity to improve their cognitive abilities?<\/p>\n\n\n\n<p>To answer these questions, I use electroencephalography (EEG) as a method. Part of my research is also to optimize the analysis of this kind of brain data. That is, making it a possibility that we can read and evaluate such data at the exact same moment that the child is performing one of our tasks. This way we can directly adapt the task according to what we learn from their brain activity.<\/p>\n\n\n\n<div class=\"wp-block-buttons is-layout-flex wp-block-buttons-is-layout-flex\">\n<div class=\"wp-block-button\"><a class=\"wp-block-button__link\" href=\"https:\/\/www.dcc.ru.nl\/babybrain\/our-team\/#staff\">Team overview<\/a><\/div>\n<\/div>\n<\/div>\n<\/div>\n","protected":false},"excerpt":{"rendered":"<p>Roc\u00edo Fernandez, MSc Junior researcher About me My name is Roc\u00edo and since October 2019, I am a PhD candidate in the BabyBRAIN group from the BRC. In my project I am mainly interested in investigating infants\u2019 and young children\u2019s brainwaves: what is their role in development? What are patterns of brain activity that signal &#8230; <a title=\"Roc\u00edo Fernandez\" class=\"read-more\" href=\"https:\/\/www.dcc.ru.nl\/babybrain\/our-team\/rocio-fernandez-2\/\" aria-label=\"Read more about Roc\u00edo Fernandez\">Read more<\/a><\/p>\n","protected":false},"author":1,"featured_media":0,"parent":9,"menu_order":0,"comment_status":"closed","ping_status":"closed","template":"","meta":{"footnotes":""},"class_list":["post-273","page","type-page","status-publish"],"yoast_head":"<!-- This site is optimized with the Yoast SEO plugin v27.3 - https:\/\/yoast.com\/product\/yoast-seo-wordpress\/ -->\n<title>Roc\u00edo Fernandez - BabyBrain<\/title>\n<meta name=\"robots\" content=\"index, follow, max-snippet:-1, max-image-preview:large, max-video-preview:-1\" \/>\n<link rel=\"canonical\" href=\"https:\/\/www.dcc.ru.nl\/babybrain\/our-team\/rocio-fernandez-2\/\" \/>\n<meta property=\"og:locale\" content=\"en_US\" \/>\n<meta property=\"og:type\" content=\"article\" \/>\n<meta property=\"og:title\" content=\"Roc\u00edo Fernandez - BabyBrain\" \/>\n<meta property=\"og:description\" content=\"Roc\u00edo Fernandez, MSc Junior researcher About me My name is Roc\u00edo and since October 2019, I am a PhD candidate in the BabyBRAIN group from the BRC. In my project I am mainly interested in investigating infants\u2019 and young children\u2019s brainwaves: what is their role in development? What are patterns of brain activity that signal ... Read more\" \/>\n<meta property=\"og:url\" content=\"https:\/\/www.dcc.ru.nl\/babybrain\/our-team\/rocio-fernandez-2\/\" \/>\n<meta property=\"og:site_name\" content=\"BabyBrain\" \/>\n<meta property=\"article:modified_time\" content=\"2021-11-26T14:09:03+00:00\" \/>\n<meta property=\"og:image\" content=\"https:\/\/www.dcc.ru.nl\/babybrain\/wp-content\/uploads\/2021\/10\/Roci\u0301o-Fernandez.jpg\" \/>\n<meta name=\"twitter:card\" content=\"summary_large_image\" \/>\n<meta name=\"twitter:label1\" content=\"Est. reading time\" \/>\n\t<meta name=\"twitter:data1\" content=\"2 minutes\" \/>\n<script type=\"application\/ld+json\" class=\"yoast-schema-graph\">{\"@context\":\"https:\\\/\\\/schema.org\",\"@graph\":[{\"@type\":\"WebPage\",\"@id\":\"https:\\\/\\\/www.dcc.ru.nl\\\/babybrain\\\/our-team\\\/rocio-fernandez-2\\\/\",\"url\":\"https:\\\/\\\/www.dcc.ru.nl\\\/babybrain\\\/our-team\\\/rocio-fernandez-2\\\/\",\"name\":\"Roc\u00edo Fernandez - BabyBrain\",\"isPartOf\":{\"@id\":\"https:\\\/\\\/www.dcc.ru.nl\\\/babybrain\\\/#website\"},\"primaryImageOfPage\":{\"@id\":\"https:\\\/\\\/www.dcc.ru.nl\\\/babybrain\\\/our-team\\\/rocio-fernandez-2\\\/#primaryimage\"},\"image\":{\"@id\":\"https:\\\/\\\/www.dcc.ru.nl\\\/babybrain\\\/our-team\\\/rocio-fernandez-2\\\/#primaryimage\"},\"thumbnailUrl\":\"https:\\\/\\\/www.dcc.ru.nl\\\/babybrain\\\/wp-content\\\/uploads\\\/2021\\\/11\\\/mail.jpg\",\"datePublished\":\"2021-10-11T09:47:49+00:00\",\"dateModified\":\"2021-11-26T14:09:03+00:00\",\"breadcrumb\":{\"@id\":\"https:\\\/\\\/www.dcc.ru.nl\\\/babybrain\\\/our-team\\\/rocio-fernandez-2\\\/#breadcrumb\"},\"inLanguage\":\"en\",\"potentialAction\":[{\"@type\":\"ReadAction\",\"target\":[\"https:\\\/\\\/www.dcc.ru.nl\\\/babybrain\\\/our-team\\\/rocio-fernandez-2\\\/\"]}]},{\"@type\":\"ImageObject\",\"inLanguage\":\"en\",\"@id\":\"https:\\\/\\\/www.dcc.ru.nl\\\/babybrain\\\/our-team\\\/rocio-fernandez-2\\\/#primaryimage\",\"url\":\"https:\\\/\\\/www.dcc.ru.nl\\\/babybrain\\\/wp-content\\\/uploads\\\/2021\\\/11\\\/mail.jpg\",\"contentUrl\":\"https:\\\/\\\/www.dcc.ru.nl\\\/babybrain\\\/wp-content\\\/uploads\\\/2021\\\/11\\\/mail.jpg\",\"width\":101,\"height\":69},{\"@type\":\"BreadcrumbList\",\"@id\":\"https:\\\/\\\/www.dcc.ru.nl\\\/babybrain\\\/our-team\\\/rocio-fernandez-2\\\/#breadcrumb\",\"itemListElement\":[{\"@type\":\"ListItem\",\"position\":1,\"name\":\"Home\",\"item\":\"https:\\\/\\\/www.dcc.ru.nl\\\/babybrain\\\/\"},{\"@type\":\"ListItem\",\"position\":2,\"name\":\"Our Team\",\"item\":\"https:\\\/\\\/www.dcc.ru.nl\\\/babybrain\\\/our-team\\\/\"},{\"@type\":\"ListItem\",\"position\":3,\"name\":\"Roc\u00edo Fernandez\"}]},{\"@type\":\"WebSite\",\"@id\":\"https:\\\/\\\/www.dcc.ru.nl\\\/babybrain\\\/#website\",\"url\":\"https:\\\/\\\/www.dcc.ru.nl\\\/babybrain\\\/\",\"name\":\"BabyBrain\",\"description\":\"Investigating the developmental mechanisms and neurocognitive changes underlying early social-cognitive development.\",\"publisher\":{\"@id\":\"https:\\\/\\\/www.dcc.ru.nl\\\/babybrain\\\/#organization\"},\"potentialAction\":[{\"@type\":\"SearchAction\",\"target\":{\"@type\":\"EntryPoint\",\"urlTemplate\":\"https:\\\/\\\/www.dcc.ru.nl\\\/babybrain\\\/?s={search_term_string}\"},\"query-input\":{\"@type\":\"PropertyValueSpecification\",\"valueRequired\":true,\"valueName\":\"search_term_string\"}}],\"inLanguage\":\"en\"},{\"@type\":\"Organization\",\"@id\":\"https:\\\/\\\/www.dcc.ru.nl\\\/babybrain\\\/#organization\",\"name\":\"BabyBrain\",\"url\":\"https:\\\/\\\/www.dcc.ru.nl\\\/babybrain\\\/\",\"logo\":{\"@type\":\"ImageObject\",\"inLanguage\":\"en\",\"@id\":\"https:\\\/\\\/www.dcc.ru.nl\\\/babybrain\\\/#\\\/schema\\\/logo\\\/image\\\/\",\"url\":\"https:\\\/\\\/www.dcc.ru.nl\\\/babybrain\\\/wp-content\\\/uploads\\\/2021\\\/10\\\/Logo-BabyBrain_229px.png\",\"contentUrl\":\"https:\\\/\\\/www.dcc.ru.nl\\\/babybrain\\\/wp-content\\\/uploads\\\/2021\\\/10\\\/Logo-BabyBrain_229px.png\",\"width\":229,\"height\":72,\"caption\":\"BabyBrain\"},\"image\":{\"@id\":\"https:\\\/\\\/www.dcc.ru.nl\\\/babybrain\\\/#\\\/schema\\\/logo\\\/image\\\/\"}}]}<\/script>\n<!-- \/ Yoast SEO plugin. -->","yoast_head_json":{"title":"Roc\u00edo Fernandez - BabyBrain","robots":{"index":"index","follow":"follow","max-snippet":"max-snippet:-1","max-image-preview":"max-image-preview:large","max-video-preview":"max-video-preview:-1"},"canonical":"https:\/\/www.dcc.ru.nl\/babybrain\/our-team\/rocio-fernandez-2\/","og_locale":"en_US","og_type":"article","og_title":"Roc\u00edo Fernandez - BabyBrain","og_description":"Roc\u00edo Fernandez, MSc Junior researcher About me My name is Roc\u00edo and since October 2019, I am a PhD candidate in the BabyBRAIN group from the BRC. In my project I am mainly interested in investigating infants\u2019 and young children\u2019s brainwaves: what is their role in development? What are patterns of brain activity that signal ... Read more","og_url":"https:\/\/www.dcc.ru.nl\/babybrain\/our-team\/rocio-fernandez-2\/","og_site_name":"BabyBrain","article_modified_time":"2021-11-26T14:09:03+00:00","og_image":[{"url":"https:\/\/www.dcc.ru.nl\/babybrain\/wp-content\/uploads\/2021\/10\/Roci\u0301o-Fernandez.jpg","type":"","width":"","height":""}],"twitter_card":"summary_large_image","twitter_misc":{"Est. reading time":"2 minutes"},"schema":{"@context":"https:\/\/schema.org","@graph":[{"@type":"WebPage","@id":"https:\/\/www.dcc.ru.nl\/babybrain\/our-team\/rocio-fernandez-2\/","url":"https:\/\/www.dcc.ru.nl\/babybrain\/our-team\/rocio-fernandez-2\/","name":"Roc\u00edo Fernandez - BabyBrain","isPartOf":{"@id":"https:\/\/www.dcc.ru.nl\/babybrain\/#website"},"primaryImageOfPage":{"@id":"https:\/\/www.dcc.ru.nl\/babybrain\/our-team\/rocio-fernandez-2\/#primaryimage"},"image":{"@id":"https:\/\/www.dcc.ru.nl\/babybrain\/our-team\/rocio-fernandez-2\/#primaryimage"},"thumbnailUrl":"https:\/\/www.dcc.ru.nl\/babybrain\/wp-content\/uploads\/2021\/11\/mail.jpg","datePublished":"2021-10-11T09:47:49+00:00","dateModified":"2021-11-26T14:09:03+00:00","breadcrumb":{"@id":"https:\/\/www.dcc.ru.nl\/babybrain\/our-team\/rocio-fernandez-2\/#breadcrumb"},"inLanguage":"en","potentialAction":[{"@type":"ReadAction","target":["https:\/\/www.dcc.ru.nl\/babybrain\/our-team\/rocio-fernandez-2\/"]}]},{"@type":"ImageObject","inLanguage":"en","@id":"https:\/\/www.dcc.ru.nl\/babybrain\/our-team\/rocio-fernandez-2\/#primaryimage","url":"https:\/\/www.dcc.ru.nl\/babybrain\/wp-content\/uploads\/2021\/11\/mail.jpg","contentUrl":"https:\/\/www.dcc.ru.nl\/babybrain\/wp-content\/uploads\/2021\/11\/mail.jpg","width":101,"height":69},{"@type":"BreadcrumbList","@id":"https:\/\/www.dcc.ru.nl\/babybrain\/our-team\/rocio-fernandez-2\/#breadcrumb","itemListElement":[{"@type":"ListItem","position":1,"name":"Home","item":"https:\/\/www.dcc.ru.nl\/babybrain\/"},{"@type":"ListItem","position":2,"name":"Our Team","item":"https:\/\/www.dcc.ru.nl\/babybrain\/our-team\/"},{"@type":"ListItem","position":3,"name":"Roc\u00edo Fernandez"}]},{"@type":"WebSite","@id":"https:\/\/www.dcc.ru.nl\/babybrain\/#website","url":"https:\/\/www.dcc.ru.nl\/babybrain\/","name":"BabyBrain","description":"Investigating the developmental mechanisms and neurocognitive changes underlying early social-cognitive development.","publisher":{"@id":"https:\/\/www.dcc.ru.nl\/babybrain\/#organization"},"potentialAction":[{"@type":"SearchAction","target":{"@type":"EntryPoint","urlTemplate":"https:\/\/www.dcc.ru.nl\/babybrain\/?s={search_term_string}"},"query-input":{"@type":"PropertyValueSpecification","valueRequired":true,"valueName":"search_term_string"}}],"inLanguage":"en"},{"@type":"Organization","@id":"https:\/\/www.dcc.ru.nl\/babybrain\/#organization","name":"BabyBrain","url":"https:\/\/www.dcc.ru.nl\/babybrain\/","logo":{"@type":"ImageObject","inLanguage":"en","@id":"https:\/\/www.dcc.ru.nl\/babybrain\/#\/schema\/logo\/image\/","url":"https:\/\/www.dcc.ru.nl\/babybrain\/wp-content\/uploads\/2021\/10\/Logo-BabyBrain_229px.png","contentUrl":"https:\/\/www.dcc.ru.nl\/babybrain\/wp-content\/uploads\/2021\/10\/Logo-BabyBrain_229px.png","width":229,"height":72,"caption":"BabyBrain"},"image":{"@id":"https:\/\/www.dcc.ru.nl\/babybrain\/#\/schema\/logo\/image\/"}}]}},"_links":{"self":[{"href":"https:\/\/www.dcc.ru.nl\/babybrain\/wp-json\/wp\/v2\/pages\/273","targetHints":{"allow":["GET"]}}],"collection":[{"href":"https:\/\/www.dcc.ru.nl\/babybrain\/wp-json\/wp\/v2\/pages"}],"about":[{"href":"https:\/\/www.dcc.ru.nl\/babybrain\/wp-json\/wp\/v2\/types\/page"}],"author":[{"embeddable":true,"href":"https:\/\/www.dcc.ru.nl\/babybrain\/wp-json\/wp\/v2\/users\/1"}],"replies":[{"embeddable":true,"href":"https:\/\/www.dcc.ru.nl\/babybrain\/wp-json\/wp\/v2\/comments?post=273"}],"version-history":[{"count":5,"href":"https:\/\/www.dcc.ru.nl\/babybrain\/wp-json\/wp\/v2\/pages\/273\/revisions"}],"predecessor-version":[{"id":503,"href":"https:\/\/www.dcc.ru.nl\/babybrain\/wp-json\/wp\/v2\/pages\/273\/revisions\/503"}],"up":[{"embeddable":true,"href":"https:\/\/www.dcc.ru.nl\/babybrain\/wp-json\/wp\/v2\/pages\/9"}],"wp:attachment":[{"href":"https:\/\/www.dcc.ru.nl\/babybrain\/wp-json\/wp\/v2\/media?parent=273"}],"curies":[{"name":"wp","href":"https:\/\/api.w.org\/{rel}","templated":true}]}}